{"id":3190,"date":"2020-04-27T15:42:21","date_gmt":"2020-04-27T12:42:21","guid":{"rendered":"https:\/\/scevos.gr\/konferenca\/"},"modified":"2025-03-05T13:18:23","modified_gmt":"2025-03-05T11:18:23","slug":"konferenca","status":"publish","type":"page","link":"https:\/\/scevos.gr\/sq\/konferenca\/","title":{"rendered":"Konferenca"},"content":{"rendered":"<p><div class=\"fusion-fullwidth fullwidth-box fusion-builder-row-1 fusion-flex-container has-pattern-background has-mask-background nonhundred-percent-fullwidth non-hundred-percent-height-scrolling\" style=\"--awb-border-radius-top-left:0px;--awb-border-radius-top-right:0px;--awb-border-radius-bottom-right:0px;--awb-border-radius-bottom-left:0px;--awb-padding-top:6%;--awb-padding-bottom:2%;--awb-padding-right-small:0px;--awb-padding-left-small:0px;--awb-margin-top:0px;--awb-background-image:linear-gradient(355deg, hsla(var(--awb-color4-h),var(--awb-color4-s),var(--awb-color4-l),calc(var(--awb-color4-a) - 90%)) 28%,rgba(255,255,255,0) 0%);--awb-flex-wrap:wrap;\" ><div class=\"fusion-builder-row fusion-row fusion-flex-align-items-flex-start fusion-flex-content-wrap\" style=\"max-width:1248px;margin-left: calc(-4% \/ 2 );margin-right: calc(-4% \/ 2 );\"><div class=\"fusion-layout-column fusion_builder_column fusion-builder-column-0 fusion_builder_column_1_1 1_1 fusion-flex-column fusion-animated\" style=\"--awb-padding-right-small:0px;--awb-padding-left-small:0px;--awb-bg-size:cover;--awb-width-large:100%;--awb-margin-top-large:0px;--awb-spacing-right-large:1.92%;--awb-margin-bottom-large:20px;--awb-spacing-left-large:1.92%;--awb-width-medium:100%;--awb-order-medium:0;--awb-spacing-right-medium:1.92%;--awb-spacing-left-medium:1.92%;--awb-width-small:100%;--awb-order-small:0;--awb-spacing-right-small:10px;--awb-spacing-left-small:10px;\" data-animationType=\"fadeInUp\" data-animationDuration=\"1.0\" data-animationOffset=\"top-into-view\" data-scroll-devices=\"small-visibility,medium-visibility,large-visibility\"><div class=\"fusion-column-wrapper fusion-column-has-shadow fusion-flex-justify-content-flex-start fusion-content-layout-column\"><div class=\"fusion-title title fusion-title-1 fusion-sep-none fusion-title-center fusion-title-text fusion-title-size-two\" style=\"--awb-text-color:var(--awb-color6);--awb-margin-top:0px;--awb-margin-bottom:0px;--awb-margin-top-small:40px;--awb-margin-bottom-small:0px;--awb-font-size:25px;\"><h2 class=\"fusion-title-heading title-heading-center\" style=\"font-family:var(--awb-typography2-font-family);font-weight:var(--awb-typography2-font-weight);font-style:var(--awb-typography2-font-style);margin:0;font-size:1em;letter-spacing:var(--awb-typography2-letter-spacing);text-transform:var(--awb-typography2-text-transform);line-height:var(--awb-typography2-line-height);\">Konferenca<\/h2><\/div><div class=\"fusion-title title fusion-title-2 fusion-sep-none fusion-title-center fusion-title-text fusion-title-size-three\" style=\"--awb-text-color:var(--awb-color6);--awb-margin-top:0px;--awb-margin-bottom:0px;--awb-margin-top-small:0px;--awb-margin-bottom-small:0px;--awb-font-size:20px;\"><h3 class=\"fusion-title-heading title-heading-center\" style=\"font-family:var(--awb-typography3-font-family);font-weight:var(--awb-typography3-font-weight);font-style:var(--awb-typography3-font-style);margin:0;font-size:1em;line-height:1.3;\">Pjes\u00ebmarrja n\u00eb konferenca dhe prezantime shkencore nga Dr. Skevo Poulla<\/h3><\/div><div class=\"fusion-separator fusion-no-small-visibility\" style=\"align-self: center;margin-left: auto;margin-right: auto;margin-top:30px;margin-bottom:30px;width:100%;max-width:120px;\"><div class=\"fusion-separator-border sep-single\" style=\"--awb-height:20px;--awb-amount:20px;border-color:var(--awb-color4);border-top-width:4px;\"><\/div><\/div><\/div><\/div><div class=\"fusion-layout-column fusion_builder_column fusion-builder-column-1 fusion_builder_column_1_6 1_6 fusion-flex-column fusion-no-small-visibility\" style=\"--awb-bg-size:cover;--awb-width-large:16.666666666667%;--awb-margin-top-large:0px;--awb-spacing-right-large:11.52%;--awb-margin-bottom-large:20px;--awb-spacing-left-large:11.52%;--awb-width-medium:16.666666666667%;--awb-order-medium:0;--awb-spacing-right-medium:11.52%;--awb-spacing-left-medium:11.52%;--awb-width-small:100%;--awb-order-small:0;--awb-spacing-right-small:1.92%;--awb-spacing-left-small:1.92%;\" data-scroll-devices=\"small-visibility,medium-visibility,large-visibility\"><div class=\"fusion-column-wrapper fusion-column-has-shadow fusion-flex-justify-content-flex-start fusion-content-layout-column\"><\/div><\/div><div class=\"fusion-layout-column fusion_builder_column fusion-builder-column-2 fusion_builder_column_2_3 2_3 fusion-flex-column fusion-animated\" style=\"--awb-padding-right-small:10px;--awb-padding-left-small:10px;--awb-bg-size:cover;--awb-width-large:66.666666666667%;--awb-margin-top-large:0px;--awb-spacing-right-large:2.88%;--awb-margin-bottom-large:20px;--awb-spacing-left-large:2.88%;--awb-width-medium:66.666666666667%;--awb-order-medium:0;--awb-spacing-right-medium:2.88%;--awb-spacing-left-medium:2.88%;--awb-width-small:100%;--awb-order-small:0;--awb-spacing-right-small:0px;--awb-spacing-left-small:0px;\" data-animationType=\"fadeInUp\" data-animationDuration=\"1.0\" data-animationOffset=\"top-into-view\" data-scroll-devices=\"small-visibility,medium-visibility,large-visibility\"><div class=\"fusion-column-wrapper fusion-column-has-shadow fusion-flex-justify-content-flex-start fusion-content-layout-column\"><div class=\"fusion-text fusion-text-1\" style=\"--awb-font-size:var(--awb-typography3-font-size);--awb-line-height:var(--awb-typography3-line-height);--awb-letter-spacing:var(--awb-typography3-letter-spacing);--awb-text-transform:var(--awb-typography3-text-transform);--awb-text-font-family:var(--awb-typography3-font-family);--awb-text-font-weight:var(--awb-typography3-font-weight);--awb-text-font-style:var(--awb-typography3-font-style);\"><p style=\"text-align: center;\">Z. z. Poullas, drejtor i klinik\u00ebs Advance Spinal Care, ka marr\u00eb pjes\u00eb n\u00eb konferenca t\u00eb shumta shkencore me synimin p\u00ebr t\u00eb transmetuar njohurit\u00eb e tij shkencore dhe inovacionin n\u00eb kirurgjin\u00eb invazive t\u00eb shtyll\u00ebs kurrizore.<\/p>\n<\/div><\/div><\/div><div class=\"fusion-layout-column fusion_builder_column fusion-builder-column-3 fusion_builder_column_1_6 1_6 fusion-flex-column fusion-no-small-visibility\" style=\"--awb-bg-size:cover;--awb-width-large:16.666666666667%;--awb-margin-top-large:0px;--awb-spacing-right-large:11.52%;--awb-margin-bottom-large:20px;--awb-spacing-left-large:11.52%;--awb-width-medium:16.666666666667%;--awb-order-medium:0;--awb-spacing-right-medium:11.52%;--awb-spacing-left-medium:11.52%;--awb-width-small:100%;--awb-order-small:0;--awb-spacing-right-small:1.92%;--awb-spacing-left-small:1.92%;\" data-scroll-devices=\"small-visibility,medium-visibility,large-visibility\"><div class=\"fusion-column-wrapper fusion-column-has-shadow fusion-flex-justify-content-flex-start fusion-content-layout-column\"><\/div><\/div><\/div><\/div><div class=\"fusion-fullwidth fullwidth-box fusion-builder-row-2 fusion-flex-container has-pattern-background has-mask-background nonhundred-percent-fullwidth non-hundred-percent-height-scrolling\" style=\"--awb-border-radius-top-left:0px;--awb-border-radius-top-right:0px;--awb-border-radius-bottom-right:0px;--awb-border-radius-bottom-left:0px;--awb-padding-top:1%;--awb-padding-bottom:6%;--awb-background-color:hsla(var(--awb-color4-h),var(--awb-color4-s),var(--awb-color4-l),calc(var(--awb-color4-a) - 90%));--awb-flex-wrap:wrap;\" ><div class=\"fusion-builder-row fusion-row fusion-flex-align-items-flex-start fusion-flex-content-wrap\" style=\"max-width:1248px;margin-left: calc(-4% \/ 2 );margin-right: calc(-4% \/ 2 );\"><div class=\"fusion-layout-column fusion_builder_column fusion-builder-column-4 fusion_builder_column_1_6 1_6 fusion-flex-column\" style=\"--awb-bg-size:cover;--awb-width-large:16.666666666667%;--awb-margin-top-large:0px;--awb-spacing-right-large:11.52%;--awb-margin-bottom-large:20px;--awb-spacing-left-large:11.52%;--awb-width-medium:16.666666666667%;--awb-spacing-right-medium:11.52%;--awb-spacing-left-medium:11.52%;--awb-width-small:100%;--awb-spacing-right-small:1.92%;--awb-spacing-left-small:1.92%;\"><div class=\"fusion-column-wrapper fusion-column-has-shadow fusion-flex-justify-content-flex-start fusion-content-layout-column\"><\/div><\/div><div class=\"fusion-layout-column fusion_builder_column fusion-builder-column-5 fusion_builder_column_2_3 2_3 fusion-flex-column fusion-animated\" style=\"--awb-bg-size:cover;--awb-width-large:66.666666666667%;--awb-margin-top-large:0px;--awb-spacing-right-large:2.88%;--awb-margin-bottom-large:20px;--awb-spacing-left-large:2.88%;--awb-width-medium:66.666666666667%;--awb-order-medium:0;--awb-spacing-right-medium:2.88%;--awb-spacing-left-medium:2.88%;--awb-width-small:100%;--awb-order-small:0;--awb-spacing-right-small:10px;--awb-spacing-left-small:10px;\" data-animationType=\"fadeInUp\" data-animationDuration=\"1.0\" data-animationOffset=\"top-into-view\" data-scroll-devices=\"small-visibility,medium-visibility,large-visibility\"><div class=\"fusion-column-wrapper fusion-column-has-shadow fusion-flex-justify-content-flex-start fusion-content-layout-column\"><ul style=\"--awb-margin-bottom:7px;--awb-iconcolor:var(--awb-color5);--awb-textcolor:var(--awb-color7);--awb-line-height:27.2px;--awb-icon-width:27.2px;--awb-icon-height:27.2px;--awb-icon-margin:11.2px;--awb-content-margin:38.4px;\" class=\"fusion-checklist fusion-checklist-1 fusion-checklist-default type-icons\"><li class=\"fusion-li-item\" style=\"\"><span class=\"icon-wrapper circle-no\"><i class=\"fusion-li-icon fa-asterisk fas\" aria-hidden=\"true\"><\/i><\/span><div class=\"fusion-li-item-content\">\n<p><strong>Hulumtimi i Patologjis\u00eb (stenoz\u00ebs) t\u00eb foramenit kurrizor lumbal <\/strong><em>Kongresi Nd\u00ebrkomb\u00ebtar i Neurokirurgjis\u00eb, Sydney Australi, 2001<\/em><\/p>\n<\/div><\/li><li class=\"fusion-li-item\" style=\"\"><span class=\"icon-wrapper circle-no\"><i class=\"fusion-li-icon fa-asterisk fas\" aria-hidden=\"true\"><\/i><\/span><div class=\"fusion-li-item-content\">\n<p><strong>Studimi i patologjis\u00eb (stenoz\u00ebs) t\u00eb foramenit spinal lumbar<\/strong> <em>Kongresi Bot\u00ebror ITTS ALBI (Franc\u00eb 2007)<\/em><\/p>\n<\/div><\/li><li class=\"fusion-li-item\" style=\"\"><span class=\"icon-wrapper circle-no\"><i class=\"fusion-li-icon fa-asterisk fas\" aria-hidden=\"true\"><\/i><\/span><div class=\"fusion-li-item-content\">\n<p><strong>Stenoza e kanalit spinal t\u00eb TMSS me mielopati shoq\u00ebruese<\/strong> <em>Konferenca Nd\u00ebrkomb\u00ebtare e Neuroshkenc\u00ebtar\u00ebve Grek\u00eb, CHANIA \u2013 KRET\u00cb, 2-5 shtator 1992<\/em><\/p>\n<\/div><\/li><li class=\"fusion-li-item\" style=\"\"><span class=\"icon-wrapper circle-no\"><i class=\"fusion-li-icon fa-asterisk fas\" aria-hidden=\"true\"><\/i><\/span><div class=\"fusion-li-item-content\">\n<p><strong>Rrezet lazer n\u00eb Neuro-onkologji. LAZER\u00cbT n\u00eb Kirurgji dhe Onkologji <\/strong>,  <em>Athin\u00eb 14-16 Dhjetor. 1989 <\/em><\/p>\n<\/div><\/li><li class=\"fusion-li-item\" style=\"\"><span class=\"icon-wrapper circle-no\"><i class=\"fusion-li-icon fa-asterisk fas\" aria-hidden=\"true\"><\/i><\/span><div class=\"fusion-li-item-content\">\n<p><strong>Administrimi intratekal i opioideve<\/strong>. <em>Konferenca e 2-t\u00eb Nd\u00ebrkomb\u00ebtare dhe Helenike mbi kontrollin e dhimbjes dhe kujdesin paliativ, Athin\u00eb 1999<\/em><\/p>\n<\/div><\/li><li class=\"fusion-li-item\" style=\"\"><span class=\"icon-wrapper circle-no\"><i class=\"fusion-li-icon fa-asterisk fas\" aria-hidden=\"true\"><\/i><\/span><div class=\"fusion-li-item-content\">\n<p><strong>&#8220;Studimi i patologjis\u00eb degjenerative (stenoz\u00ebs) t\u00eb foramenit intervertebral&#8221;<\/strong> <em>Konferenca Panhelene e Ortopedis\u00eb, Samos 2004<\/em><\/p>\n<\/div><\/li><li class=\"fusion-li-item\" style=\"\"><span class=\"icon-wrapper circle-no\"><i class=\"fusion-li-icon fa-asterisk fas\" aria-hidden=\"true\"><\/i><\/span><div class=\"fusion-li-item-content\">\n<p><strong>&#8220;Injeksioni epidural i kortikosteroideve dhe lezionet me radiofrekuenc\u00eb si nj\u00eb opsion terapeutik p\u00ebr s\u00ebmundjet e shtyll\u00ebs kurrizore.&#8221;<\/strong> <em>Prezantim n\u00eb Kongresin e 19-t\u00eb Panhelenik t\u00eb Neurokirurgjis\u00eb, 2005<\/em><\/p>\n<\/div><\/li><li class=\"fusion-li-item\" style=\"\"><span class=\"icon-wrapper circle-no\"><i class=\"fusion-li-icon fa-asterisk fas\" aria-hidden=\"true\"><\/i><\/span><div class=\"fusion-li-item-content\">\n<p><strong>&#8220;Riparimi endoskopik i hidrocefalusit obstruktiv&#8221;<\/strong> <em>Kongresi i 43-t\u00eb Panhelenik Pediatrik, 17 \u2013 19 qershor 2005<\/em><\/p>\n<\/div><\/li><li class=\"fusion-li-item\" style=\"\"><span class=\"icon-wrapper circle-no\"><i class=\"fusion-li-icon fa-asterisk fas\" aria-hidden=\"true\"><\/i><\/span><div class=\"fusion-li-item-content\">\n<p><strong>&#8220;Vlera diagnostike dhe terapeutike e episklerografis\u00eb, radikulografis\u00eb dhe episkleroskopis\u00eb n\u00eb sindrom\u00ebn pas operacionit t\u00eb d\u00ebshtuar t\u00eb shtyll\u00ebs kurrizore&#8221;.<\/strong> <em>Kongresi i 16-t\u00eb Panhelenik i Anesteziologjis\u00eb, Mykonos, 11-15 maj 2005<\/em><\/p>\n<\/div><\/li><li class=\"fusion-li-item\" style=\"\"><span class=\"icon-wrapper circle-no\"><i class=\"fusion-li-icon fa-asterisk fas\" aria-hidden=\"true\"><\/i><\/span><div class=\"fusion-li-item-content\">\n<p><strong>&#8220;Epiduskleroskopia: Nj\u00eb metod\u00eb minimale invazive p\u00ebr diagnostikimin dhe trajtimin e s\u00ebmundjeve degjenerative t\u00eb OMS&#8221;<\/strong> <em>Prezantim n\u00eb Konferenc\u00ebn e 32-t\u00eb Vjetore t\u00eb Shpin\u00ebs &#8220;N. Giannestra &#8211; P. Smyrnis&#8221;, 2006.<\/em><\/p>\n<\/div><\/li><li class=\"fusion-li-item\" style=\"\"><span class=\"icon-wrapper circle-no\"><i class=\"fusion-li-icon fa-asterisk fas\" aria-hidden=\"true\"><\/i><\/span><div class=\"fusion-li-item-content\">\n<p><strong>\u201cDiagnoza dhe trajtimi i s\u00ebmundjeve degjenerative t\u00eb OMSS me Episkleroskopi\u201d.<\/strong> <em>Punim i botuar n\u00eb Kongresin e 20-t\u00eb Panhelenik t\u00eb Neurokirurgjis\u00eb, 2006.<\/em><\/p>\n<\/div><\/li><li class=\"fusion-li-item\" style=\"\"><span class=\"icon-wrapper circle-no\"><i class=\"fusion-li-icon fa-asterisk fas\" aria-hidden=\"true\"><\/i><\/span><div class=\"fusion-li-item-content\">\n<p><strong>Algoritmi i teknikave invazive n\u00eb trajtimin e s\u00ebmundjeve degjenerative t\u00eb shtyll\u00ebs kurrizore, si dhe kur.<\/strong> <em>Kongresi Bot\u00ebror i Dhimbjes, Chania, Kret\u00eb 2006.<\/em><\/p>\n<\/div><\/li><li class=\"fusion-li-item\" style=\"\"><span class=\"icon-wrapper circle-no\"><i class=\"fusion-li-icon fa-asterisk fas\" aria-hidden=\"true\"><\/i><\/span><div class=\"fusion-li-item-content\">\n<p><strong>Patologjia degjenerative e diskut nd\u00ebrvertebral t\u00eb shtyll\u00ebs kurrizore lumbare.<\/strong> <em>Kongresi Bot\u00ebror i Dhimbjes, Chania, Kret\u00eb 2006.<\/em><\/p>\n<\/div><\/li><li class=\"fusion-li-item\" style=\"\"><span class=\"icon-wrapper circle-no\"><i class=\"fusion-li-icon fa-asterisk fas\" aria-hidden=\"true\"><\/i><\/span><div class=\"fusion-li-item-content\">\n<p><strong>Konferenca e Painologjis\u00eb p\u00ebr dhimbjet e shpin\u00ebs s\u00eb vazhdueshme ,<\/strong> <em>Spitali Hipokrati (Athin\u00eb 2007) (Punim i vler\u00ebsuar me \u00e7mim i konferenc\u00ebs).<\/em><\/p>\n<\/div><\/li><li class=\"fusion-li-item\" style=\"\"><span class=\"icon-wrapper circle-no\"><i class=\"fusion-li-icon fa-asterisk fas\" aria-hidden=\"true\"><\/i><\/span><div class=\"fusion-li-item-content\">\n<p><strong>Metodat kirurgjikale minimale invazive p\u00ebr stenoz\u00ebn kurrizore t\u00eb diskut dhe foraminal.<\/strong> <em>Kongresi Bot\u00ebror i Kiropraktik\u00ebs (Bruksel 2008)<\/em><\/p>\n<\/div><\/li><li class=\"fusion-li-item\" style=\"\"><span class=\"icon-wrapper circle-no\"><i class=\"fusion-li-icon fa-asterisk fas\" aria-hidden=\"true\"><\/i><\/span><div class=\"fusion-li-item-content\">\n<p><strong>Metodat kirurgjikale minimale invazive p\u00ebr stenoz\u00ebn kurrizore t\u00eb diskut dhe foraminal.<\/strong> <em>Kongresi Bot\u00ebror i Kiropraktik\u00ebs (Bruksel 2008)<\/em><\/p>\n<\/div><\/li><li class=\"fusion-li-item\" style=\"\"><span class=\"icon-wrapper circle-no\"><i class=\"fusion-li-icon fa-asterisk fas\" aria-hidden=\"true\"><\/i><\/span><div class=\"fusion-li-item-content\">\n<p><strong>Metodat kirurgjikale minimale invazive p\u00ebr stenoz\u00ebn kurrizore foraminal.<\/strong> <em>Kongresi Pan-Shqiptar i Neurokirurgjis\u00eb (Tiran\u00eb 2008)<\/em><\/p>\n<\/div><\/li><li class=\"fusion-li-item\" style=\"\"><span class=\"icon-wrapper circle-no\"><i class=\"fusion-li-icon fa-asterisk fas\" aria-hidden=\"true\"><\/i><\/span><div class=\"fusion-li-item-content\">\n<p><strong>Algoritmi terapeutik n\u00eb menaxhimin kirurgjik t\u00eb dhimbjes s\u00eb mesit me ose pa dhimbje t\u00eb nervit shiatik.<\/strong> <em>Kongresi Bot\u00ebror i Kiropraktik\u00ebs (Bruksel 2008)<\/em><\/p>\n<\/div><\/li><li class=\"fusion-li-item\" style=\"\"><span class=\"icon-wrapper circle-no\"><i class=\"fusion-li-icon fa-asterisk fas\" aria-hidden=\"true\"><\/i><\/span><div class=\"fusion-li-item-content\">\n<p><strong>Diskektomia endoskopike e qaf\u00ebs s\u00eb mitr\u00ebs<\/strong> <em>Kongresi Pan-Shqiptar i Neurokirurgjis\u00eb (Tiran\u00eb 2008)<\/em><\/p>\n<\/div><\/li><li class=\"fusion-li-item\" style=\"\"><span class=\"icon-wrapper circle-no\"><i class=\"fusion-li-icon fa-asterisk fas\" aria-hidden=\"true\"><\/i><\/span><div class=\"fusion-li-item-content\">\n<p><strong>Kirurgjia endoskopike e shtyll\u00ebs kurrizore p\u00ebr s\u00ebmundjet degjenerative<\/strong>. <em>Kongresi Pan-Rumun Neurokirurgjik me Pjes\u00ebmarrje Nd\u00ebrkomb\u00ebtare (Sibiu 2009)<\/em><\/p>\n<\/div><\/li><\/ul><\/div><\/div><div class=\"fusion-layout-column fusion_builder_column fusion-builder-column-6 fusion_builder_column_1_6 1_6 fusion-flex-column\" style=\"--awb-bg-size:cover;--awb-width-large:16.666666666667%;--awb-margin-top-large:0px;--awb-spacing-right-large:11.52%;--awb-margin-bottom-large:20px;--awb-spacing-left-large:11.52%;--awb-width-medium:16.666666666667%;--awb-spacing-right-medium:11.52%;--awb-spacing-left-medium:11.52%;--awb-width-small:100%;--awb-spacing-right-small:1.92%;--awb-spacing-left-small:1.92%;\"><div class=\"fusion-column-wrapper fusion-column-has-shadow fusion-flex-justify-content-flex-start fusion-content-layout-column\"><\/div><\/div><div class=\"fusion-layout-column fusion_builder_column fusion-builder-column-7 fusion_builder_column_1_3 1_3 fusion-flex-column fusion-no-small-visibility fusion-no-medium-visibility fusion-animated\" style=\"--awb-bg-size:cover;--awb-width-large:33.333333333333%;--awb-margin-top-large:0px;--awb-spacing-right-large:5.76%;--awb-margin-bottom-large:20px;--awb-spacing-left-large:5.76%;--awb-width-medium:33.333333333333%;--awb-order-medium:0;--awb-spacing-right-medium:5.76%;--awb-spacing-left-medium:5.76%;--awb-width-small:100%;--awb-order-small:0;--awb-spacing-right-small:1.92%;--awb-spacing-left-small:1.92%;\" data-animationType=\"fadeInLeft\" data-animationDuration=\"1.0\" data-animationOffset=\"top-into-view\" data-scroll-devices=\"small-visibility,medium-visibility,large-visibility\"><div class=\"fusion-column-wrapper fusion-column-has-shadow fusion-flex-justify-content-flex-start fusion-content-layout-column\"><div class=\"fusion-image-element \" style=\"text-align:center;--awb-max-width:300px;--awb-caption-title-font-family:var(--h2_typography-font-family);--awb-caption-title-font-weight:var(--h2_typography-font-weight);--awb-caption-title-font-style:var(--h2_typography-font-style);--awb-caption-title-size:var(--h2_typography-font-size);--awb-caption-title-transform:var(--h2_typography-text-transform);--awb-caption-title-line-height:var(--h2_typography-line-height);--awb-caption-title-letter-spacing:var(--h2_typography-letter-spacing);\"><span class=\" fusion-imageframe imageframe-none imageframe-1 hover-type-none\"><img decoding=\"async\" width=\"150\" height=\"150\" alt=\"ASCC - scevos.gr\" title=\"scevos01\" src=\"https:\/\/scevos.gr\/wp-content\/uploads\/2025\/01\/scevos01.png\" data-orig-src=\"https:\/\/scevos.gr\/wp-content\/uploads\/2025\/01\/scevos01-150x150.png\" class=\"lazyload img-responsive wp-image-2855\" srcset=\"data:image\/svg+xml,%3Csvg%20xmlns%3D%27http%3A%2F%2Fwww.w3.org%2F2000%2Fsvg%27%20width%3D%27334%27%20height%3D%27333%27%20viewBox%3D%270%200%20334%20333%27%3E%3Crect%20width%3D%27334%27%20height%3D%27333%27%20fill-opacity%3D%220%22%2F%3E%3C%2Fsvg%3E\" data-srcset=\"https:\/\/scevos.gr\/wp-content\/uploads\/2025\/01\/scevos01-200x199.png 200w, https:\/\/scevos.gr\/wp-content\/uploads\/2025\/01\/scevos01.png 334w\" data-sizes=\"auto\" data-orig-sizes=\"(max-width: 800px) 100vw, 150px\" \/><\/span><\/div><\/div><\/div><div class=\"fusion-layout-column fusion_builder_column fusion-builder-column-8 fusion_builder_column_1_3 1_3 fusion-flex-column fusion-no-small-visibility fusion-no-medium-visibility fusion-animated\" style=\"--awb-bg-size:cover;--awb-width-large:33.333333333333%;--awb-margin-top-large:0px;--awb-spacing-right-large:5.76%;--awb-margin-bottom-large:20px;--awb-spacing-left-large:5.76%;--awb-width-medium:33.333333333333%;--awb-order-medium:0;--awb-spacing-right-medium:5.76%;--awb-spacing-left-medium:5.76%;--awb-width-small:100%;--awb-order-small:0;--awb-spacing-right-small:1.92%;--awb-spacing-left-small:1.92%;\" data-animationType=\"fadeInUp\" data-animationDuration=\"1.0\" data-animationOffset=\"top-into-view\" data-scroll-devices=\"small-visibility,medium-visibility,large-visibility\"><div class=\"fusion-column-wrapper fusion-column-has-shadow fusion-flex-justify-content-flex-start fusion-content-layout-column\"><div class=\"fusion-image-element \" style=\"text-align:center;--awb-max-width:300px;--awb-caption-title-font-family:var(--h2_typography-font-family);--awb-caption-title-font-weight:var(--h2_typography-font-weight);--awb-caption-title-font-style:var(--h2_typography-font-style);--awb-caption-title-size:var(--h2_typography-font-size);--awb-caption-title-transform:var(--h2_typography-text-transform);--awb-caption-title-line-height:var(--h2_typography-line-height);--awb-caption-title-letter-spacing:var(--h2_typography-letter-spacing);\"><span class=\" fusion-imageframe imageframe-none imageframe-2 hover-type-none\"><img decoding=\"async\" width=\"150\" height=\"150\" alt=\"ASCC - scevos.gr\" title=\"scevos02\" src=\"https:\/\/scevos.gr\/wp-content\/uploads\/2025\/01\/scevos02.png\" data-orig-src=\"https:\/\/scevos.gr\/wp-content\/uploads\/2025\/01\/scevos02-150x150.png\" class=\"lazyload img-responsive wp-image-2857\" srcset=\"data:image\/svg+xml,%3Csvg%20xmlns%3D%27http%3A%2F%2Fwww.w3.org%2F2000%2Fsvg%27%20width%3D%27334%27%20height%3D%27333%27%20viewBox%3D%270%200%20334%20333%27%3E%3Crect%20width%3D%27334%27%20height%3D%27333%27%20fill-opacity%3D%220%22%2F%3E%3C%2Fsvg%3E\" data-srcset=\"https:\/\/scevos.gr\/wp-content\/uploads\/2025\/01\/scevos02-200x199.png 200w, https:\/\/scevos.gr\/wp-content\/uploads\/2025\/01\/scevos02.png 334w\" data-sizes=\"auto\" data-orig-sizes=\"(max-width: 800px) 100vw, 150px\" \/><\/span><\/div><\/div><\/div><div class=\"fusion-layout-column fusion_builder_column fusion-builder-column-9 fusion_builder_column_1_3 1_3 fusion-flex-column fusion-no-small-visibility fusion-no-medium-visibility fusion-animated\" style=\"--awb-bg-size:cover;--awb-width-large:33.333333333333%;--awb-margin-top-large:0px;--awb-spacing-right-large:5.76%;--awb-margin-bottom-large:20px;--awb-spacing-left-large:5.76%;--awb-width-medium:33.333333333333%;--awb-order-medium:0;--awb-spacing-right-medium:5.76%;--awb-spacing-left-medium:5.76%;--awb-width-small:100%;--awb-order-small:0;--awb-spacing-right-small:1.92%;--awb-spacing-left-small:1.92%;\" data-animationType=\"fadeInRight\" data-animationDuration=\"1.0\" data-animationOffset=\"top-into-view\" data-scroll-devices=\"small-visibility,medium-visibility,large-visibility\"><div class=\"fusion-column-wrapper fusion-column-has-shadow fusion-flex-justify-content-flex-start fusion-content-layout-column\"><div class=\"fusion-image-element \" style=\"text-align:center;--awb-max-width:300px;--awb-caption-title-font-family:var(--h2_typography-font-family);--awb-caption-title-font-weight:var(--h2_typography-font-weight);--awb-caption-title-font-style:var(--h2_typography-font-style);--awb-caption-title-size:var(--h2_typography-font-size);--awb-caption-title-transform:var(--h2_typography-text-transform);--awb-caption-title-line-height:var(--h2_typography-line-height);--awb-caption-title-letter-spacing:var(--h2_typography-letter-spacing);\"><span class=\" fusion-imageframe imageframe-none imageframe-3 hover-type-none\"><img decoding=\"async\" width=\"150\" height=\"150\" alt=\"ASCC - scevos.gr\" title=\"scevos03\" src=\"https:\/\/scevos.gr\/wp-content\/uploads\/2025\/01\/scevos03.png\" data-orig-src=\"https:\/\/scevos.gr\/wp-content\/uploads\/2025\/01\/scevos03-150x150.png\" class=\"lazyload img-responsive wp-image-2859\" srcset=\"data:image\/svg+xml,%3Csvg%20xmlns%3D%27http%3A%2F%2Fwww.w3.org%2F2000%2Fsvg%27%20width%3D%27334%27%20height%3D%27333%27%20viewBox%3D%270%200%20334%20333%27%3E%3Crect%20width%3D%27334%27%20height%3D%27333%27%20fill-opacity%3D%220%22%2F%3E%3C%2Fsvg%3E\" data-srcset=\"https:\/\/scevos.gr\/wp-content\/uploads\/2025\/01\/scevos03-200x199.png 200w, https:\/\/scevos.gr\/wp-content\/uploads\/2025\/01\/scevos03.png 334w\" data-sizes=\"auto\" data-orig-sizes=\"(max-width: 800px) 100vw, 150px\" \/><\/span><\/div><\/div><\/div><\/div><\/div><\/p>\n","protected":false},"excerpt":{"rendered":"","protected":false},"author":1,"featured_media":0,"parent":0,"menu_order":0,"comment_status":"closed","ping_status":"closed","template":"100-width.php","meta":{"footnotes":""},"class_list":["post-3190","page","type-page","status-publish","hentry"],"_links":{"self":[{"href":"https:\/\/scevos.gr\/sq\/wp-json\/wp\/v2\/pages\/3190","targetHints":{"allow":["GET"]}}],"collection":[{"href":"https:\/\/scevos.gr\/sq\/wp-json\/wp\/v2\/pages"}],"about":[{"href":"https:\/\/scevos.gr\/sq\/wp-json\/wp\/v2\/types\/page"}],"author":[{"embeddable":true,"href":"https:\/\/scevos.gr\/sq\/wp-json\/wp\/v2\/users\/1"}],"replies":[{"embeddable":true,"href":"https:\/\/scevos.gr\/sq\/wp-json\/wp\/v2\/comments?post=3190"}],"version-history":[{"count":4,"href":"https:\/\/scevos.gr\/sq\/wp-json\/wp\/v2\/pages\/3190\/revisions"}],"predecessor-version":[{"id":3767,"href":"https:\/\/scevos.gr\/sq\/wp-json\/wp\/v2\/pages\/3190\/revisions\/3767"}],"wp:attachment":[{"href":"https:\/\/scevos.gr\/sq\/wp-json\/wp\/v2\/media?parent=3190"}],"curies":[{"name":"wp","href":"https:\/\/api.w.org\/{rel}","templated":true}]}}