{"id":3206,"date":"2025-02-28T02:27:17","date_gmt":"2025-02-28T00:27:17","guid":{"rendered":"https:\/\/scevos.gr\/politika-e-privatesise\/"},"modified":"2025-02-28T12:46:52","modified_gmt":"2025-02-28T10:46:52","slug":"politika-e-privatesise","status":"publish","type":"page","link":"https:\/\/scevos.gr\/sq\/politika-e-privatesise\/","title":{"rendered":"Politika e privat\u00ebsis\u00eb"},"content":{"rendered":"<div class=\"fusion-fullwidth fullwidth-box fusion-builder-row-1 fusion-flex-container nonhundred-percent-fullwidth non-hundred-percent-height-scrolling\" style=\"--awb-border-radius-top-left:0px;--awb-border-radius-top-right:0px;--awb-border-radius-bottom-right:0px;--awb-border-radius-bottom-left:0px;--awb-flex-wrap:wrap;\" ><div class=\"fusion-builder-row fusion-row fusion-flex-align-items-flex-start fusion-flex-content-wrap\" style=\"max-width:1248px;margin-left: calc(-4% \/ 2 );margin-right: calc(-4% \/ 2 );\"><div class=\"fusion-layout-column fusion_builder_column fusion-builder-column-0 fusion_builder_column_1_1 1_1 fusion-flex-column\" style=\"--awb-bg-size:cover;--awb-width-large:100%;--awb-margin-top-large:0px;--awb-spacing-right-large:1.92%;--awb-margin-bottom-large:0px;--awb-spacing-left-large:1.92%;--awb-width-medium:100%;--awb-spacing-right-medium:1.92%;--awb-spacing-left-medium:1.92%;--awb-width-small:100%;--awb-spacing-right-small:1.92%;--awb-spacing-left-small:1.92%;\"><div class=\"fusion-column-wrapper fusion-flex-justify-content-flex-start fusion-content-layout-column\"><div class=\"fusion-text fusion-text-1\"><h3 data-start=\"0\" data-end=\"23\"><strong data-start=\"4\" data-end=\"21\">Kush jemi ne?<\/strong><\/h3>\n<p data-start=\"24\" data-end=\"104\">Adresa e faqes son\u00eb t\u00eb internetit \u00ebsht\u00eb: <a href=\"https:\/\/scevos.gr\/sq\/\" target=\"_new\" rel=\"noopener\" data-start=\"63\" data-end=\"101\">https:\/\/scevos.gr.<\/a><\/p>\n<h3 data-start=\"106\" data-end=\"122\"><strong data-start=\"110\" data-end=\"120\">Komentet<\/strong><\/h3>\n<p data-start=\"123\" data-end=\"370\">Kur vizitor\u00ebt l\u00ebn\u00eb komente n\u00eb faqen e internetit, ne mbledhim t\u00eb dh\u00ebnat e shfaqura n\u00eb formularin e komenteve, si dhe adres\u00ebn IP t\u00eb vizitorit dhe vargun e shfletuesit, p\u00ebr zbulimin e spamit.<\/p>\n<p data-start=\"372\" data-end=\"786\">Nj\u00eb varg anonim i krijuar nga adresa juaj e emailit (i quajtur hash) mund t\u00eb d\u00ebrgohet n\u00eb sh\u00ebrbimin Gravatar p\u00ebr t\u00eb par\u00eb n\u00ebse po e p\u00ebrdorni. Politika e privat\u00ebsis\u00eb s\u00eb sh\u00ebrbimit Gravatar \u00ebsht\u00eb e disponueshme k\u00ebtu: <a href=\"https:\/\/automattic.com\/privacy\/\" target=\"_new\" rel=\"noopener\" data-start=\"610\" data-end=\"676\">https:\/\/automattic.com\/privacy\/<\/a>. Pasi komenti juaj t\u00eb miratohet, fotografia juaj e profilit mund t\u00eb shikohet publikisht brenda komentit tuaj. <\/p>\n<h3 data-start=\"229\" data-end=\"258\"><strong data-start=\"233\" data-end=\"256\">Format e Kontaktit<\/strong><\/h3>\n<p data-start=\"259\" data-end=\"471\">Kur dor\u00ebzoni nj\u00eb formular kontakti n\u00eb faqen ton\u00eb t\u00eb internetit, ne mbledhim t\u00eb dh\u00ebnat q\u00eb jepni (si emri, emaili, telefoni dhe mesazhi) n\u00eb m\u00ebnyr\u00eb q\u00eb t&#8217;ju kontaktojm\u00eb dhe t&#8217;i p\u00ebrgjigjemi k\u00ebrkes\u00ebs suaj.<\/p>\n<p data-start=\"473\" data-end=\"648\">K\u00ebto t\u00eb dh\u00ebna ruhen p\u00ebr aq koh\u00eb sa \u00ebsht\u00eb e nevojshme p\u00ebr sh\u00ebrbimin e k\u00ebrkes\u00ebs dhe nuk p\u00ebrdoren p\u00ebr q\u00ebllime promovuese pa p\u00eblqimin tuaj.<\/p>\n<p data-start=\"650\" data-end=\"858\">Ne nuk e ndajm\u00eb informacionin e dor\u00ebzuar p\u00ebrmes formular\u00ebve t\u00eb kontaktit me pal\u00ebt e treta, p\u00ebrve\u00e7 n\u00ebse kjo k\u00ebrkohet p\u00ebr arsye ligjore ose operacionale (p.sh. p\u00ebr t\u00eb p\u00ebrfunduar nj\u00eb sh\u00ebrbim q\u00eb keni k\u00ebrkuar).<\/p>\n<h3 data-start=\"1068\" data-end=\"1085\"><strong data-start=\"1072\" data-end=\"1083\">Cookies<\/strong><\/h3>\n<p data-start=\"1086\" data-end=\"1387\">N\u00ebse lini nj\u00eb koment n\u00eb faqen ton\u00eb, ju mund t\u00eb zgjidhni t\u00eb ruani emrin, emailin dhe uebsajtin tuaj n\u00eb cookies. Kjo \u00ebsht\u00eb p\u00ebr leht\u00ebsin\u00eb tuaj, n\u00eb m\u00ebnyr\u00eb q\u00eb t\u00eb mos keni nevoj\u00eb t\u00eb plot\u00ebsoni t\u00eb dh\u00ebnat tuaja p\u00ebrs\u00ebri kur t\u00eb lini nj\u00eb koment tjet\u00ebr. K\u00ebto biskota zgjasin p\u00ebr nj\u00eb vit.  <\/p>\n<p data-start=\"1389\" data-end=\"1632\">N\u00ebse vizitoni faqen e identifikimit, ne do t\u00eb vendosim nj\u00eb cookie t\u00eb p\u00ebrkohshme p\u00ebr t\u00eb p\u00ebrcaktuar n\u00ebse shfletuesi juaj pranon cookie. Kjo cookie nuk p\u00ebrmban t\u00eb dh\u00ebna personale dhe fshihet kur mbyllni shfletuesin tuaj. <\/p>\n<p data-start=\"1634\" data-end=\"2033\">Kur identifikoheni, ne do t\u00eb krijojm\u00eb gjithashtu disa cookie p\u00ebr t\u00eb ruajtur t\u00eb dh\u00ebnat tuaja t\u00eb hyrjes dhe preferencat e shfaqjes s\u00eb ekranit. Kukit e hyrjes zgjasin dy dit\u00eb, nd\u00ebrsa skedar\u00ebt e opsioneve t\u00eb ekranit zgjasin nj\u00eb vit. N\u00ebse zgjidhni &#8220;M\u00eb mbaj mend&#8221;, identifikimi juaj do t\u00eb ruhet p\u00ebr dy jav\u00eb. N\u00ebse dilni nga llogaria juaj, cookie-t e hyrjes do t\u00eb fshihen.   <\/p>\n<p data-start=\"2035\" data-end=\"2290\">N\u00ebse redaktoni ose publikoni nj\u00eb artikull, nj\u00eb cookie shtes\u00eb do t\u00eb ruhet n\u00eb shfletuesin tuaj. Kjo cookie nuk p\u00ebrmban asnj\u00eb t\u00eb dh\u00ebn\u00eb personale dhe thjesht tregon ID-n\u00eb e artikullit q\u00eb keni redaktuar. Skadon pas nj\u00eb dite.  <\/p>\n<h3 data-start=\"2292\" data-end=\"2348\"><strong data-start=\"2296\" data-end=\"2346\">P\u00ebrmbajtje e integruar nga faqet e tjera t\u00eb internetit<\/strong><\/h3>\n<p data-start=\"2349\" data-end=\"2605\">Artikujt n\u00eb k\u00ebt\u00eb faqe interneti mund t\u00eb p\u00ebrfshijn\u00eb p\u00ebrmbajtje t\u00eb integruar (p.sh. video, imazhe, artikuj, etj.). P\u00ebrmbajtja e integruar nga faqet e tjera t\u00eb internetit sillet n\u00eb t\u00eb nj\u00ebjt\u00ebn m\u00ebnyr\u00eb sikur p\u00ebrdoruesi t\u00eb kishte vizituar faqen tjet\u00ebr t\u00eb internetit. <\/p>\n<p data-start=\"2607\" data-end=\"2915\">K\u00ebto faqe interneti mund t\u00eb mbledhin t\u00eb dh\u00ebna p\u00ebr ju, t\u00eb p\u00ebrdorin cookie, t\u00eb p\u00ebrfshijn\u00eb gjurmim shtes\u00eb nga pal\u00ebt e treta dhe t\u00eb gjurmojn\u00eb nd\u00ebrveprimin tuaj me at\u00eb p\u00ebrmbajtje, duke p\u00ebrfshir\u00eb nd\u00ebrveprimin n\u00ebse keni nj\u00eb llogari dhe jeni identifikuar n\u00eb at\u00eb faqe interneti.<\/p>\n<h3 data-start=\"2917\" data-end=\"2964\"><strong data-start=\"2921\" data-end=\"2962\">Me k\u00eb i ndajm\u00eb t\u00eb dh\u00ebnat tuaja<\/strong><\/h3>\n<p data-start=\"2965\" data-end=\"3066\">N\u00ebse k\u00ebrkoni nj\u00eb rivendosje t\u00eb fjal\u00ebkalimit, adresa juaj IP do t\u00eb p\u00ebrfshihet n\u00eb emailin e rivendosur.<\/p>\n<h3 data-start=\"3068\" data-end=\"3119\"><strong data-start=\"3072\" data-end=\"3117\">P\u00ebr sa koh\u00eb i ruajm\u00eb t\u00eb dh\u00ebnat tuaja<\/strong><\/h3>\n<p data-start=\"3120\" data-end=\"3341\">N\u00ebse lini nj\u00eb koment, komenti dhe meta t\u00eb dh\u00ebnat e tij mbahen p\u00ebr nj\u00eb koh\u00eb t\u00eb pacaktuar. Kjo \u00ebsht\u00eb n\u00eb m\u00ebnyr\u00eb q\u00eb ne t\u00eb mund t\u00eb njohim dhe miratojm\u00eb \u00e7do koment pasues automatikisht, n\u00eb vend q\u00eb t&#8217;i mbajm\u00eb ato n\u00eb nj\u00eb radh\u00eb moderimi. <\/p>\n<p data-start=\"3343\" data-end=\"3747\">P\u00ebr p\u00ebrdoruesit q\u00eb regjistrohen n\u00eb faqen ton\u00eb t\u00eb internetit (n\u00ebse ka), ne ruajm\u00eb gjithashtu informacionin personal q\u00eb ata japin n\u00eb profilin e tyre. T\u00eb gjith\u00eb p\u00ebrdoruesit mund t\u00eb shikojn\u00eb, modifikojn\u00eb ose fshijn\u00eb informacionin e tyre personal n\u00eb \u00e7do koh\u00eb (p\u00ebrve\u00e7 ndryshimit t\u00eb emrit t\u00eb p\u00ebrdoruesit). Administrator\u00ebt e faqes n\u00eb internet mund t\u00eb shikojn\u00eb dhe modifikojn\u00eb gjithashtu k\u00ebt\u00eb informacion.<\/p>\n<h3 data-start=\"3749\" data-end=\"3797\"><strong data-start=\"3753\" data-end=\"3795\">\u00c7far\u00eb t\u00eb drejtash keni p\u00ebr t\u00eb dh\u00ebnat tuaja?<\/strong><\/h3>\n<p data-start=\"3798\" data-end=\"4234\">N\u00ebse keni nj\u00eb llogari n\u00eb k\u00ebt\u00eb faqe interneti ose keni l\u00ebn\u00eb komente, mund t\u00eb k\u00ebrkoni t\u00eb merrni nj\u00eb regjistrim t\u00eb t\u00eb dh\u00ebnave personale q\u00eb mbajm\u00eb p\u00ebr ju, duke p\u00ebrfshir\u00eb t\u00eb gjitha t\u00eb dh\u00ebnat q\u00eb na keni dh\u00ebn\u00eb. Ju gjithashtu mund t\u00eb k\u00ebrkoni q\u00eb ne t\u00eb fshijm\u00eb \u00e7do t\u00eb dh\u00ebn\u00eb personale q\u00eb mbajm\u00eb p\u00ebr ju. Kjo nuk p\u00ebrfshin t\u00eb dh\u00ebna q\u00eb na k\u00ebrkohet t\u00eb mbajm\u00eb p\u00ebr arsye administrative, ligjore ose sigurie.<\/p>\n<h3 data-start=\"4236\" data-end=\"4279\"><strong data-start=\"4240\" data-end=\"4277\">Ku d\u00ebrgohen t\u00eb dh\u00ebnat tuaja<\/strong><\/h3>\n<p data-start=\"4280\" data-end=\"4408\" data-is-last-node=\"\" data-is-only-node=\"\">Komentet e vizitor\u00ebve mund t\u00eb kontrollohen p\u00ebrmes nj\u00eb sh\u00ebrbimi t\u00eb automatizuar t\u00eb zbulimit t\u00eb post\u00ebs s\u00eb pad\u00ebshiruar.<\/p>\n<\/div><\/div><\/div><\/div><\/div>\n","protected":false},"excerpt":{"rendered":"","protected":false},"author":1,"featured_media":0,"parent":0,"menu_order":0,"comment_status":"closed","ping_status":"closed","template":"","meta":{"footnotes":""},"class_list":["post-3206","page","type-page","status-publish","hentry"],"_links":{"self":[{"href":"https:\/\/scevos.gr\/sq\/wp-json\/wp\/v2\/pages\/3206","targetHints":{"allow":["GET"]}}],"collection":[{"href":"https:\/\/scevos.gr\/sq\/wp-json\/wp\/v2\/pages"}],"about":[{"href":"https:\/\/scevos.gr\/sq\/wp-json\/wp\/v2\/types\/page"}],"author":[{"embeddable":true,"href":"https:\/\/scevos.gr\/sq\/wp-json\/wp\/v2\/users\/1"}],"replies":[{"embeddable":true,"href":"https:\/\/scevos.gr\/sq\/wp-json\/wp\/v2\/comments?post=3206"}],"version-history":[{"count":2,"href":"https:\/\/scevos.gr\/sq\/wp-json\/wp\/v2\/pages\/3206\/revisions"}],"predecessor-version":[{"id":3208,"href":"https:\/\/scevos.gr\/sq\/wp-json\/wp\/v2\/pages\/3206\/revisions\/3208"}],"wp:attachment":[{"href":"https:\/\/scevos.gr\/sq\/wp-json\/wp\/v2\/media?parent=3206"}],"curies":[{"name":"wp","href":"https:\/\/api.w.org\/{rel}","templated":true}]}}