{"id":3209,"date":"2020-04-27T15:43:06","date_gmt":"2020-04-27T12:43:06","guid":{"rendered":"https:\/\/scevos.gr\/rreth-nesh\/teknika-s-c-e-v-o-s\/"},"modified":"2025-03-02T16:39:02","modified_gmt":"2025-03-02T14:39:02","slug":"teknika-s-c-e-v-o-s","status":"publish","type":"page","link":"https:\/\/scevos.gr\/sq\/teknika-s-c-e-v-o-s\/","title":{"rendered":"Teknika S.C.E.V.O.S."},"content":{"rendered":"<p><div class=\"fusion-fullwidth fullwidth-box fusion-builder-row-1 fusion-flex-container has-pattern-background has-mask-background fusion-parallax-none nonhundred-percent-fullwidth non-hundred-percent-height-scrolling lazyload\" style=\"--awb-background-position:center bottom;--awb-background-blend-mode:overlay;--awb-border-radius-top-left:0px;--awb-border-radius-top-right:0px;--awb-border-radius-bottom-right:0px;--awb-border-radius-bottom-left:0px;--awb-padding-top:25%;--awb-padding-bottom:20%;--awb-background-size:cover;--awb-flex-wrap:wrap;\" data-bg=\"https:\/\/scevos.gr\/wp-content\/uploads\/2025\/02\/texniki_scevos-1.jpg\" ><div class=\"fusion-builder-row fusion-row fusion-flex-align-items-flex-start fusion-flex-content-wrap\" style=\"max-width:1248px;margin-left: calc(-4% \/ 2 );margin-right: calc(-4% \/ 2 );\"><div class=\"fusion-layout-column fusion_builder_column fusion-builder-column-0 fusion_builder_column_1_1 1_1 fusion-flex-column fusion-animated\" style=\"--awb-bg-size:cover;--awb-width-large:100%;--awb-margin-top-large:0px;--awb-spacing-right-large:1.92%;--awb-margin-bottom-large:0px;--awb-spacing-left-large:1.92%;--awb-width-medium:100%;--awb-spacing-right-medium:1.92%;--awb-spacing-left-medium:1.92%;--awb-width-small:100%;--awb-spacing-right-small:1.92%;--awb-spacing-left-small:1.92%;\" data-animationType=\"fadeIn\" data-animationDuration=\"1.0\" data-animationOffset=\"top-into-view\"><div class=\"fusion-column-wrapper fusion-column-has-shadow fusion-flex-justify-content-flex-start fusion-content-layout-column\"><div class=\"fusion-title title fusion-title-1 fusion-sep-none fusion-title-center fusion-title-text fusion-title-size-one\" style=\"--awb-text-color:var(--awb-color1);--awb-margin-bottom:10px;\"><h1 class=\"fusion-title-heading title-heading-center\" style=\"font-family:var(--awb-typography1-font-family);font-weight:var(--awb-typography1-font-weight);font-style:var(--awb-typography1-font-style);margin:0;letter-spacing:-1px;line-height:1;\">Teknika S.C.E.V.O.S.<\/h1><\/div><div class=\"fusion-title title fusion-title-2 fusion-sep-none fusion-title-center fusion-title-text fusion-title-size-two\" style=\"--awb-text-color:var(--awb-color1);--awb-margin-top-small:5px;--awb-font-size:18px;\"><h2 class=\"fusion-title-heading title-heading-center\" style=\"font-family:var(--awb-typography2-font-family);font-weight:var(--awb-typography2-font-weight);font-style:var(--awb-typography2-font-style);margin:0;font-size:1em;letter-spacing:4px;text-transform:uppercase;line-height:1;\">Teknika novatore S.C.E.V.O.S.<\/h2><\/div><\/div><\/div><\/div><\/div><div class=\"fusion-fullwidth fullwidth-box fusion-builder-row-2 fusion-flex-container nonhundred-percent-fullwidth non-hundred-percent-height-scrolling\" style=\"--awb-border-radius-top-left:0px;--awb-border-radius-top-right:0px;--awb-border-radius-bottom-right:0px;--awb-border-radius-bottom-left:0px;--awb-padding-top:6%;--awb-padding-bottom:2%;--awb-flex-wrap:wrap;\" ><div class=\"fusion-builder-row fusion-row fusion-flex-align-items-stretch fusion-flex-content-wrap\" style=\"max-width:1248px;margin-left: calc(-4% \/ 2 );margin-right: calc(-4% \/ 2 );\"><div class=\"fusion-layout-column fusion_builder_column fusion-builder-column-1 fusion_builder_column_1_2 1_2 fusion-flex-column fusion-flex-align-self-center fusion-no-large-visibility fusion-animated\" style=\"--awb-bg-size:cover;--awb-width-large:50%;--awb-margin-top-large:0px;--awb-spacing-right-large:3.84%;--awb-margin-bottom-large:20px;--awb-spacing-left-large:3.84%;--awb-width-medium:50%;--awb-order-medium:0;--awb-spacing-right-medium:3.84%;--awb-spacing-left-medium:3.84%;--awb-width-small:100%;--awb-order-small:0;--awb-spacing-right-small:1.92%;--awb-spacing-left-small:1.92%;\" data-animationType=\"fadeInLeft\" data-animationDuration=\"1.0\" data-animationOffset=\"top-into-view\" data-scroll-devices=\"small-visibility,medium-visibility,large-visibility\"><div class=\"fusion-column-wrapper fusion-column-has-shadow fusion-flex-justify-content-center fusion-content-layout-column\"><div class=\"fusion-text fusion-text-1\"><p><strong>Teknika SCEVOS<\/strong> (Spinal Canal Endoscopic Vizualization Operating, System) \u00ebsht\u00eb metoda m\u00eb pak traumatike, e aplikuar me anestezi lokale dhe qet\u00ebsim t\u00eb leht\u00eb.<\/p>\n<p>Pacienti sh\u00ebrohet menj\u00ebher\u00eb nga operacioni dhe ka nj\u00eb cil\u00ebsi t\u00eb shk\u00eblqyer sh\u00ebrimi.<\/p>\n<p>Gjithashtu, kjo teknik\u00eb diagnostikon dhe trajton problemet q\u00eb MRI (tomografia magnetike) nuk i zbulon, vepron n\u00eb nivele t\u00eb shum\u00ebfishta dhe nuk krijon inde mbres\u00eb.<\/p>\n<p>\u00cbsht\u00eb nj\u00eb teknik\u00eb me p\u00ebrqindje shum\u00eb t\u00eb larta suksesi dhe p\u00ebrfitime t\u00eb fuqishme.<\/p>\n<p>Teknikat klasike kirurgjikale p\u00ebr shtyll\u00ebn kurrizore shpesh d\u00ebshtojn\u00eb ose shkaktojn\u00eb probleme t\u00eb m\u00ebtejshme p\u00ebr shkak t\u00eb krijimit t\u00eb indit t\u00eb mbres\u00eb dhe shkat\u00ebrrimit t\u00eb strukturave t\u00eb sh\u00ebndetshme.<\/p>\n<p>T\u00eb gjitha teknikat e tjera invazive i referohen nj\u00eb niveli t\u00eb shtyll\u00ebs kurrizore dhe nuk jan\u00eb diagnostikuese si\u00e7 u p\u00ebrmend m\u00eb lart.<\/p>\n<\/div><div class=\"fusion-separator\" style=\"align-self: center;margin-left: auto;margin-right: auto;margin-top:30px;margin-bottom:10px;width:100%;max-width:120px;\"><div class=\"fusion-separator-border sep-single\" style=\"--awb-height:20px;--awb-amount:20px;border-color:var(--awb-color4);border-top-width:4px;\"><\/div><\/div><\/div><\/div><div class=\"fusion-layout-column fusion_builder_column fusion-builder-column-2 fusion_builder_column_1_2 1_2 fusion-flex-column fusion-no-large-visibility fusion-animated\" style=\"--awb-padding-top:13px;--awb-bg-size:cover;--awb-width-large:50%;--awb-margin-top-large:0px;--awb-spacing-right-large:3.84%;--awb-margin-bottom-large:20px;--awb-spacing-left-large:3.84%;--awb-width-medium:50%;--awb-spacing-right-medium:3.84%;--awb-spacing-left-medium:3.84%;--awb-width-small:100%;--awb-spacing-right-small:1.92%;--awb-spacing-left-small:1.92%;\" data-animationType=\"fadeInRight\" data-animationDuration=\"1.0\" data-animationOffset=\"top-into-view\"><div class=\"fusion-column-wrapper fusion-column-has-shadow fusion-flex-justify-content-flex-start fusion-content-layout-column\"><div class=\"fusion-image-element \" style=\"--awb-caption-title-font-family:var(--h2_typography-font-family);--awb-caption-title-font-weight:var(--h2_typography-font-weight);--awb-caption-title-font-style:var(--h2_typography-font-style);--awb-caption-title-size:var(--h2_typography-font-size);--awb-caption-title-transform:var(--h2_typography-text-transform);--awb-caption-title-line-height:var(--h2_typography-line-height);--awb-caption-title-letter-spacing:var(--h2_typography-letter-spacing);\"><span class=\" fusion-imageframe imageframe-none imageframe-1 hover-type-none\"><img decoding=\"async\" width=\"960\" height=\"639\" alt=\"Dr. \u03a3\u03ba\u03b5\u03cd\u03bf\u03c2 \u03a0\u03bf\u03c5\u03bb\u03bb\u03ac\u03c2 - Advanced Spinal Care Clinic\" title=\"ACCS-SCEVOS-03\" src=\"https:\/\/scevos.gr\/wp-content\/uploads\/2025\/01\/ACCS-SCEVOS-03.jpg\" data-orig-src=\"https:\/\/scevos.gr\/wp-content\/uploads\/2025\/01\/ACCS-SCEVOS-03.jpg\" class=\"lazyload img-responsive wp-image-2887\" srcset=\"data:image\/svg+xml,%3Csvg%20xmlns%3D%27http%3A%2F%2Fwww.w3.org%2F2000%2Fsvg%27%20width%3D%27960%27%20height%3D%27639%27%20viewBox%3D%270%200%20960%20639%27%3E%3Crect%20width%3D%27960%27%20height%3D%27639%27%20fill-opacity%3D%220%22%2F%3E%3C%2Fsvg%3E\" data-srcset=\"https:\/\/scevos.gr\/wp-content\/uploads\/2025\/01\/ACCS-SCEVOS-03-200x133.jpg 200w, https:\/\/scevos.gr\/wp-content\/uploads\/2025\/01\/ACCS-SCEVOS-03-400x266.jpg 400w, https:\/\/scevos.gr\/wp-content\/uploads\/2025\/01\/ACCS-SCEVOS-03-600x399.jpg 600w, https:\/\/scevos.gr\/wp-content\/uploads\/2025\/01\/ACCS-SCEVOS-03-800x533.jpg 800w, https:\/\/scevos.gr\/wp-content\/uploads\/2025\/01\/ACCS-SCEVOS-03.jpg 960w\" data-sizes=\"auto\" data-orig-sizes=\"(max-width: 800px) 100vw, 600px\" \/><\/span><\/div><\/div><\/div><div class=\"fusion-layout-column fusion_builder_column fusion-builder-column-3 fusion_builder_column_1_2 1_2 fusion-flex-column fusion-flex-align-self-center fusion-no-small-visibility fusion-no-medium-visibility fusion-animated\" style=\"--awb-bg-size:cover;--awb-width-large:50%;--awb-margin-top-large:0px;--awb-spacing-right-large:3.84%;--awb-margin-bottom-large:20px;--awb-spacing-left-large:3.84%;--awb-width-medium:50%;--awb-order-medium:0;--awb-spacing-right-medium:3.84%;--awb-spacing-left-medium:3.84%;--awb-width-small:100%;--awb-order-small:0;--awb-spacing-right-small:1.92%;--awb-spacing-left-small:1.92%;\" data-animationType=\"fadeInLeft\" data-animationDuration=\"1.0\" data-animationOffset=\"top-into-view\" data-scroll-devices=\"small-visibility,medium-visibility,large-visibility\"><div class=\"fusion-column-wrapper fusion-column-has-shadow fusion-flex-justify-content-space-around fusion-content-layout-column\"><div class=\"fusion-image-element \" style=\"--awb-aspect-ratio:1 \/ 1;--awb-caption-title-font-family:var(--h2_typography-font-family);--awb-caption-title-font-weight:var(--h2_typography-font-weight);--awb-caption-title-font-style:var(--h2_typography-font-style);--awb-caption-title-size:var(--h2_typography-font-size);--awb-caption-title-transform:var(--h2_typography-text-transform);--awb-caption-title-line-height:var(--h2_typography-line-height);--awb-caption-title-letter-spacing:var(--h2_typography-letter-spacing);\"><span class=\" fusion-imageframe imageframe-none imageframe-2 hover-type-none has-aspect-ratio\"><img decoding=\"async\" width=\"960\" height=\"639\" alt=\"Dr. \u03a3\u03ba\u03b5\u03cd\u03bf\u03c2 \u03a0\u03bf\u03c5\u03bb\u03bb\u03ac\u03c2 - Advanced Spinal Care Clinic\" title=\"ACCS-SCEVOS-03\" src=\"https:\/\/scevos.gr\/wp-content\/uploads\/2025\/01\/ACCS-SCEVOS-03.jpg\" data-orig-src=\"https:\/\/scevos.gr\/wp-content\/uploads\/2025\/01\/ACCS-SCEVOS-03.jpg\" class=\"lazyload img-responsive wp-image-2887 img-with-aspect-ratio\" data-parent-fit=\"cover\" data-parent-container=\".fusion-image-element\" srcset=\"data:image\/svg+xml,%3Csvg%20xmlns%3D%27http%3A%2F%2Fwww.w3.org%2F2000%2Fsvg%27%20width%3D%27960%27%20height%3D%27639%27%20viewBox%3D%270%200%20960%20639%27%3E%3Crect%20width%3D%27960%27%20height%3D%27639%27%20fill-opacity%3D%220%22%2F%3E%3C%2Fsvg%3E\" data-srcset=\"https:\/\/scevos.gr\/wp-content\/uploads\/2025\/01\/ACCS-SCEVOS-03-200x133.jpg 200w, https:\/\/scevos.gr\/wp-content\/uploads\/2025\/01\/ACCS-SCEVOS-03-400x266.jpg 400w, https:\/\/scevos.gr\/wp-content\/uploads\/2025\/01\/ACCS-SCEVOS-03-600x399.jpg 600w, https:\/\/scevos.gr\/wp-content\/uploads\/2025\/01\/ACCS-SCEVOS-03-800x533.jpg 800w, https:\/\/scevos.gr\/wp-content\/uploads\/2025\/01\/ACCS-SCEVOS-03.jpg 960w\" data-sizes=\"auto\" data-orig-sizes=\"(max-width: 800px) 100vw, 600px\" \/><\/span><\/div><\/div><\/div><div class=\"fusion-layout-column fusion_builder_column fusion-builder-column-4 fusion_builder_column_1_2 1_2 fusion-flex-column fusion-no-small-visibility fusion-no-medium-visibility fusion-animated\" style=\"--awb-padding-top:35px;--awb-bg-size:cover;--awb-width-large:50%;--awb-margin-top-large:0px;--awb-spacing-right-large:3.84%;--awb-margin-bottom-large:20px;--awb-spacing-left-large:3.84%;--awb-width-medium:50%;--awb-order-medium:0;--awb-spacing-right-medium:3.84%;--awb-spacing-left-medium:3.84%;--awb-width-small:100%;--awb-order-small:0;--awb-spacing-right-small:1.92%;--awb-spacing-left-small:1.92%;\" data-animationType=\"fadeInRight\" data-animationDuration=\"1.0\" data-animationOffset=\"top-into-view\" data-scroll-devices=\"small-visibility,medium-visibility,large-visibility\"><div class=\"fusion-column-wrapper fusion-column-has-shadow fusion-flex-justify-content-flex-start fusion-content-layout-column\"><div class=\"fusion-text fusion-text-2\" style=\"--awb-font-size:17px;\"><p><strong>Teknika SCEVOS<\/strong> (Spinal Canal Endoscopic Vizualization Operating, System) \u00ebsht\u00eb metoda m\u00eb pak traumatike, e aplikuar me anestezi lokale dhe qet\u00ebsim t\u00eb leht\u00eb.<\/p>\n<p>Pacienti sh\u00ebrohet menj\u00ebher\u00eb nga operacioni dhe ka nj\u00eb cil\u00ebsi t\u00eb shk\u00eblqyer sh\u00ebrimi.<\/p>\n<p>Gjithashtu, kjo teknik\u00eb diagnostikon dhe trajton problemet q\u00eb MRI (tomografia magnetike) nuk i zbulon, vepron n\u00eb nivele t\u00eb shum\u00ebfishta dhe nuk krijon inde mbres\u00eb.<\/p>\n<p>\u00cbsht\u00eb nj\u00eb teknik\u00eb me p\u00ebrqindje shum\u00eb t\u00eb larta suksesi dhe p\u00ebrfitime t\u00eb fuqishme.<\/p>\n<p>Teknikat klasike kirurgjikale p\u00ebr shtyll\u00ebn kurrizore shpesh d\u00ebshtojn\u00eb ose shkaktojn\u00eb probleme t\u00eb m\u00ebtejshme p\u00ebr shkak t\u00eb krijimit t\u00eb indit t\u00eb mbres\u00eb dhe shkat\u00ebrrimit t\u00eb strukturave t\u00eb sh\u00ebndetshme.<\/p>\n<p>T\u00eb gjitha teknikat e tjera invazive i referohen nj\u00eb niveli t\u00eb shtyll\u00ebs kurrizore dhe nuk jan\u00eb diagnostikuese si\u00e7 u p\u00ebrmend m\u00eb lart.<\/p>\n<\/div><div class=\"fusion-separator\" style=\"align-self: flex-start;margin-right:auto;margin-top:30px;margin-bottom:10px;width:100%;max-width:120px;\"><div class=\"fusion-separator-border sep-single\" style=\"--awb-height:20px;--awb-amount:20px;border-color:var(--awb-color4);border-top-width:4px;\"><\/div><\/div><\/div><\/div><\/div><\/div><\/p>\n","protected":false},"excerpt":{"rendered":"","protected":false},"author":1,"featured_media":2939,"parent":0,"menu_order":3,"comment_status":"closed","ping_status":"closed","template":"100-width.php","meta":{"footnotes":""},"class_list":["post-3209","page","type-page","status-publish","has-post-thumbnail","hentry"],"_links":{"self":[{"href":"https:\/\/scevos.gr\/sq\/wp-json\/wp\/v2\/pages\/3209","targetHints":{"allow":["GET"]}}],"collection":[{"href":"https:\/\/scevos.gr\/sq\/wp-json\/wp\/v2\/pages"}],"about":[{"href":"https:\/\/scevos.gr\/sq\/wp-json\/wp\/v2\/types\/page"}],"author":[{"embeddable":true,"href":"https:\/\/scevos.gr\/sq\/wp-json\/wp\/v2\/users\/1"}],"replies":[{"embeddable":true,"href":"https:\/\/scevos.gr\/sq\/wp-json\/wp\/v2\/comments?post=3209"}],"version-history":[{"count":4,"href":"https:\/\/scevos.gr\/sq\/wp-json\/wp\/v2\/pages\/3209\/revisions"}],"predecessor-version":[{"id":3501,"href":"https:\/\/scevos.gr\/sq\/wp-json\/wp\/v2\/pages\/3209\/revisions\/3501"}],"wp:featuredmedia":[{"embeddable":true,"href":"https:\/\/scevos.gr\/sq\/wp-json\/wp\/v2\/media\/2939"}],"wp:attachment":[{"href":"https:\/\/scevos.gr\/sq\/wp-json\/wp\/v2\/media?parent=3209"}],"curies":[{"name":"wp","href":"https:\/\/api.w.org\/{rel}","templated":true}]}}